{"id":178,"date":"2025-04-21T14:22:31","date_gmt":"2025-04-21T17:22:31","guid":{"rendered":"https:\/\/sobasestrelas.com.br\/?page_id=178"},"modified":"2025-05-11T18:13:16","modified_gmt":"2025-05-11T21:13:16","slug":"e-books","status":"publish","type":"page","link":"https:\/\/sobasestrelas.com.br\/?page_id=178","title":{"rendered":"E-Books"},"content":{"rendered":"\n<div class=\"wp-block-media-text is-stacked-on-mobile is-vertically-aligned-center\" style=\"grid-template-columns:24% auto\"><figure class=\"wp-block-media-text__media\"><img fetchpriority=\"high\" decoding=\"async\" width=\"267\" height=\"428\" src=\"https:\/\/sobasestrelas.com.br\/wp-content\/uploads\/2025\/04\/Screenshot-2025-04-21-14.03.31-2.png\" alt=\"\" class=\"wp-image-188 size-full\" srcset=\"https:\/\/sobasestrelas.com.br\/wp-content\/uploads\/2025\/04\/Screenshot-2025-04-21-14.03.31-2.png 267w, https:\/\/sobasestrelas.com.br\/wp-content\/uploads\/2025\/04\/Screenshot-2025-04-21-14.03.31-2-187x300.png 187w\" sizes=\"(max-width: 267px) 100vw, 267px\" \/><\/figure><div class=\"wp-block-media-text__content\">\n<p><strong><a href=\"https:\/\/www.amazon.com.br\/dp\/B0CW1C6MKT?ref_=k4w_oembed_fgpBKx6DhObhoH&amp;tag=kpembed-20&amp;linkCode=kpd\">A verdade por tr\u00e1s da for\u00e7a<\/a><\/strong><\/p>\n\n\n\n<p>Neste livro trago diversos estudos respons\u00e1veis pela grande transforma\u00e7\u00e3o que fiz na minha vida.<\/p>\n<\/div><\/div>\n\n\n\n<div class=\"wp-block-columns is-layout-flex wp-container-core-columns-is-layout-28f84493 wp-block-columns-is-layout-flex\">\n<div class=\"wp-block-column is-layout-flow wp-block-column-is-layout-flow\">\n<div class=\"wp-block-media-text is-stacked-on-mobile\" style=\"grid-template-columns:30% auto\"><figure class=\"wp-block-media-text__media\"><img decoding=\"async\" width=\"183\" height=\"174\" src=\"https:\/\/sobasestrelas.com.br\/wp-content\/uploads\/2025\/04\/Screenshot-2025-04-21-14.17.56-1.png\" alt=\"\" class=\"wp-image-189 size-full\"\/><\/figure><div class=\"wp-block-media-text__content\">\n<p><strong><a href=\"https:\/\/chk.eduzz.com\/8WPDQV73WP?fbclid=PAY2xjawJmRfZleHRuA2FlbQIxMAABp4lFfw75j7oN1DWUHNEtHy8EfeGjijCpFIWNg7uyqyYW3ARBbZuPCrHlliRi_aem_vAJrnYyPBZw0fzedET5N-w\">Mundo ao alcance: Combo definitivo<\/a><\/strong><\/p>\n\n\n\n<p>\u00c9 poss\u00edvel dar a volta ao mundo gastando pouco, e este combo \u00e9 o seu passaporte para come\u00e7ar agora mesmo!<\/p>\n<\/div><\/div>\n<\/div>\n<\/div>\n\n\n\n<div class=\"wp-block-columns is-layout-flex wp-container-core-columns-is-layout-28f84493 wp-block-columns-is-layout-flex\">\n<div class=\"wp-block-column is-layout-flow wp-block-column-is-layout-flow\">\n<div class=\"wp-block-media-text is-stacked-on-mobile is-vertically-aligned-center\" style=\"grid-template-columns:30% auto\"><figure class=\"wp-block-media-text__media\"><img decoding=\"async\" width=\"183\" height=\"174\" src=\"https:\/\/sobasestrelas.com.br\/wp-content\/uploads\/2025\/04\/Screenshot-2025-04-21-14.15.31.png\" alt=\"\" class=\"wp-image-183 size-full\"\/><\/figure><div class=\"wp-block-media-text__content\">\n<p><strong><a href=\"https:\/\/chk.eduzz.com\/Z0BBZ7670A?fbclid=PAY2xjawJmRnZleHRuA2FlbQIxMAABp4pxackUrRK4TPG5Qt6fw51IHFoQxm006nbzEeqtp1vp8PZtwmQeaw47VMeE_aem_8azmEXXXtUbReYN0QiepJQ\">Como planejar e sustentar sua viagem<\/a><\/strong><\/p>\n\n\n\n<p>Neste guia voc\u00ea aprender\u00e1 a planejar e sustentar sua jornada, encontrar fontes de renda online (e offline) e viver de forma sustent\u00e1vel na estrada.&nbsp;<\/p>\n<\/div><\/div>\n<\/div>\n<\/div>\n\n\n\n<div class=\"wp-block-media-text is-stacked-on-mobile\" style=\"grid-template-columns:30% auto\"><figure class=\"wp-block-media-text__media\"><img loading=\"lazy\" decoding=\"async\" width=\"183\" height=\"174\" src=\"https:\/\/sobasestrelas.com.br\/wp-content\/uploads\/2025\/04\/Screenshot-2025-04-21-14.12.25-2.png\" alt=\"\" class=\"wp-image-190 size-full\"\/><\/figure><div class=\"wp-block-media-text__content\">\n<p><strong><a href=\"https:\/\/chk.eduzz.com\/G96VN56Q01?fbclid=PAY2xjawJmR31leHRuA2FlbQIxMAABp4lFfw75j7oN1DWUHNEtHy8EfeGjijCpFIWNg7uyqyYW3ARBbZuPCrHlliRi_aem_vAJrnYyPBZw0fzedET5N-w\">Como viajar s\u00f3 e barato<\/a><\/strong><\/p>\n\n\n\n<p>Como Viajar S\u00f3 e Barato\u00a0Com base em experi\u00eancias reais na estrada, este guia traz dicas pr\u00e1ticas e comprovadas para quem quer se aventurar pelo mundo com liberdade e confian\u00e7a, gastando pouco e aproveitando ao m\u00e1ximo.<\/p>\n<\/div><\/div>\n","protected":false},"excerpt":{"rendered":"<p>A verdade por tr\u00e1s da for\u00e7a Neste livro trago diversos estudos respons\u00e1veis pela grande transforma\u00e7\u00e3o que fiz na<\/p>\n","protected":false},"author":1,"featured_media":0,"parent":0,"menu_order":2,"comment_status":"open","ping_status":"closed","template":"","meta":{"footnotes":""},"class_list":["post-178","page","type-page","status-publish","hentry"],"_links":{"self":[{"href":"https:\/\/sobasestrelas.com.br\/index.php?rest_route=\/wp\/v2\/pages\/178","targetHints":{"allow":["GET"]}}],"collection":[{"href":"https:\/\/sobasestrelas.com.br\/index.php?rest_route=\/wp\/v2\/pages"}],"about":[{"href":"https:\/\/sobasestrelas.com.br\/index.php?rest_route=\/wp\/v2\/types\/page"}],"author":[{"embeddable":true,"href":"https:\/\/sobasestrelas.com.br\/index.php?rest_route=\/wp\/v2\/users\/1"}],"replies":[{"embeddable":true,"href":"https:\/\/sobasestrelas.com.br\/index.php?rest_route=%2Fwp%2Fv2%2Fcomments&post=178"}],"version-history":[{"count":2,"href":"https:\/\/sobasestrelas.com.br\/index.php?rest_route=\/wp\/v2\/pages\/178\/revisions"}],"predecessor-version":[{"id":191,"href":"https:\/\/sobasestrelas.com.br\/index.php?rest_route=\/wp\/v2\/pages\/178\/revisions\/191"}],"wp:attachment":[{"href":"https:\/\/sobasestrelas.com.br\/index.php?rest_route=%2Fwp%2Fv2%2Fmedia&parent=178"}],"curies":[{"name":"wp","href":"https:\/\/api.w.org\/{rel}","templated":true}]}}