{"id":2,"date":"2025-04-06T17:55:55","date_gmt":"2025-04-06T20:55:55","guid":{"rendered":"http:\/\/sobasestrelas.com.br\/?page_id=2"},"modified":"2025-05-07T05:43:59","modified_gmt":"2025-05-07T08:43:59","slug":"pagina-exemplo","status":"publish","type":"page","link":"https:\/\/sobasestrelas.com.br\/?page_id=2","title":{"rendered":"Apoia.se"},"content":{"rendered":"\n<p>Ol\u00e1, sou Camila Caggiano, uma contadora de hist\u00f3rias.<br>Em 2017 me tornei a primeira mulher a construir sozinha o pr\u00f3prio motorhome e sair numa viagem solit\u00e1ria at\u00e9 o fim do mundo (Ushuaia).<br>Essa hist\u00f3ria virou um document\u00e1rio chamado &#8220;Sob as Estrelas&#8221; e est\u00e1 dispon\u00edvel na Amazom Prime e no canal <a href=\"http:\/\/UCf35-xImEEcZMdmOFmLiiZQ\">Sob as Estrelas<\/a> no Youtube.<\/p>\n\n\n\n<p>Por que essa campanha \u00e9 importante?<br>O canal Sob as Estrelas sempre recebeu elogios por ser um canal diferenciado, com foco em conte\u00fado de qualidade e mensagens que agregam valor. Coment\u00e1rios dizendo que o canal mudou a vida de algu\u00e9m s\u00e3o recorrentes.<br>Para trazer sempre conte\u00fados mais ricos, fiz uma especializa\u00e7\u00e3o em Filosofia, e agora iniciei uma especializa\u00e7\u00e3o em neuroci\u00eancia. A inten\u00e7\u00e3o \u00e9 poder<br>aliar estudos com o que o mundo me ensina e levar a voc\u00eas o resultado da minha pesquisa sobre medos, felicidade e prop\u00f3sito de vida.<\/p>\n\n\n\n<p>Por que ajudar?<br>Se a narrativa do Sob as Estrelas te traz alegria ou te ajuda de alguma forma, por que n\u00e3o retribuir com um valor que n\u00e3o vai afetar em nada sua vida financeira mas vai me permitir trazer mais e mais hist\u00f3rias que v\u00e3o iluminar caminhos?<\/p>\n\n\n\n<p>Obrigada e nos vemos em alguma curva da estrada!<\/p>\n\n\n\n<p>Os participantes ter\u00e3o aceso ao grupo do telegram com conte\u00fados exclusivos!<\/p>\n\n\n\n<p><a href=\"https:\/\/apoia.se\/sobasestrelas?utm_source=Explore-da-APOIA-se&amp;utm_medium=Card-de-Campanha\">Apoia.se<\/a><\/p>\n","protected":false},"excerpt":{"rendered":"<p>Ol\u00e1, sou Camila Caggiano, uma contadora de hist\u00f3rias.Em 2017 me tornei a primeira mulher a construir sozinha o<\/p>\n","protected":false},"author":1,"featured_media":0,"parent":0,"menu_order":1,"comment_status":"closed","ping_status":"closed","template":"","meta":{"footnotes":""},"class_list":["post-2","page","type-page","status-publish","hentry"],"_links":{"self":[{"href":"https:\/\/sobasestrelas.com.br\/index.php?rest_route=\/wp\/v2\/pages\/2","targetHints":{"allow":["GET"]}}],"collection":[{"href":"https:\/\/sobasestrelas.com.br\/index.php?rest_route=\/wp\/v2\/pages"}],"about":[{"href":"https:\/\/sobasestrelas.com.br\/index.php?rest_route=\/wp\/v2\/types\/page"}],"author":[{"embeddable":true,"href":"https:\/\/sobasestrelas.com.br\/index.php?rest_route=\/wp\/v2\/users\/1"}],"replies":[{"embeddable":true,"href":"https:\/\/sobasestrelas.com.br\/index.php?rest_route=%2Fwp%2Fv2%2Fcomments&post=2"}],"version-history":[{"count":16,"href":"https:\/\/sobasestrelas.com.br\/index.php?rest_route=\/wp\/v2\/pages\/2\/revisions"}],"predecessor-version":[{"id":360,"href":"https:\/\/sobasestrelas.com.br\/index.php?rest_route=\/wp\/v2\/pages\/2\/revisions\/360"}],"wp:attachment":[{"href":"https:\/\/sobasestrelas.com.br\/index.php?rest_route=%2Fwp%2Fv2%2Fmedia&parent=2"}],"curies":[{"name":"wp","href":"https:\/\/api.w.org\/{rel}","templated":true}]}}