{"id":37,"date":"2025-04-11T17:27:17","date_gmt":"2025-04-11T20:27:17","guid":{"rendered":"https:\/\/sobasestrelas.com.br\/?page_id=37"},"modified":"2025-05-06T15:33:54","modified_gmt":"2025-05-06T18:33:54","slug":"quem-sou-eu","status":"publish","type":"page","link":"https:\/\/sobasestrelas.com.br\/?page_id=37","title":{"rendered":"Sobre mim"},"content":{"rendered":"\n<p class=\"wp-embed-aspect-16-9 wp-has-aspect-ratio\">Sou Camila Caggiano, uma diretora de cinema com uma paix\u00e3o ardente por aventuras, escalada e viagens solit\u00e1rias. Minha jornada me levou a explorar cantos remotos do mundo, acumulando d\u00e9cadas de experi\u00eancia em viagens independentes.<\/p>\n\n\n\n<p>Em 2017, realizei um sonho audacioso: construir meu pr\u00f3prio motorhome e embarcar em uma expedi\u00e7\u00e3o solo at\u00e9 Ushuaia. Essa aventura \u00e9pica se transformou em um document\u00e1rio aclamado, dispon\u00edvel nos principais servi\u00e7os de streaming do pa\u00eds, incluindo o Amazon Prime.<\/p>\n\n\n\n<p class=\"wp-embed-aspect-16-9 wp-has-aspect-ratio\">Desde ent\u00e3o, adotei um estilo de vida n\u00f4made, vivendo em um mini motorhome e desbravando lugares que poucos viajantes t\u00eam a oportunidade de conhecer. Essa experi\u00eancia \u00fanica, combinada com meus anos de mochil\u00e3o, me proporcionou uma perspectiva singular sobre o mundo e a liberdade de explorar sem limites.<\/p>\n\n\n\n<p><\/p>\n","protected":false},"excerpt":{"rendered":"<p>Sou Camila Caggiano, uma diretora de cinema com uma paix\u00e3o ardente por aventuras, escalada e viagens solit\u00e1rias. Minha<\/p>\n","protected":false},"author":1,"featured_media":0,"parent":0,"menu_order":0,"comment_status":"closed","ping_status":"closed","template":"","meta":{"footnotes":""},"class_list":["post-37","page","type-page","status-publish","hentry"],"_links":{"self":[{"href":"https:\/\/sobasestrelas.com.br\/index.php?rest_route=\/wp\/v2\/pages\/37","targetHints":{"allow":["GET"]}}],"collection":[{"href":"https:\/\/sobasestrelas.com.br\/index.php?rest_route=\/wp\/v2\/pages"}],"about":[{"href":"https:\/\/sobasestrelas.com.br\/index.php?rest_route=\/wp\/v2\/types\/page"}],"author":[{"embeddable":true,"href":"https:\/\/sobasestrelas.com.br\/index.php?rest_route=\/wp\/v2\/users\/1"}],"replies":[{"embeddable":true,"href":"https:\/\/sobasestrelas.com.br\/index.php?rest_route=%2Fwp%2Fv2%2Fcomments&post=37"}],"version-history":[{"count":4,"href":"https:\/\/sobasestrelas.com.br\/index.php?rest_route=\/wp\/v2\/pages\/37\/revisions"}],"predecessor-version":[{"id":303,"href":"https:\/\/sobasestrelas.com.br\/index.php?rest_route=\/wp\/v2\/pages\/37\/revisions\/303"}],"wp:attachment":[{"href":"https:\/\/sobasestrelas.com.br\/index.php?rest_route=%2Fwp%2Fv2%2Fmedia&parent=37"}],"curies":[{"name":"wp","href":"https:\/\/api.w.org\/{rel}","templated":true}]}}